{"id":3491,"date":"2022-08-22T19:22:18","date_gmt":"2022-08-22T23:22:18","guid":{"rendered":"https:\/\/www.fomb.ca\/politique-de-confidentialite\/"},"modified":"2022-10-28T14:49:16","modified_gmt":"2022-10-28T18:49:16","slug":"politique-de-confidentialite","status":"publish","type":"page","link":"https:\/\/www.fomb.ca\/fr\/politique-de-confidentialite\/","title":{"rendered":"Politique de confidentialit\u00e9"},"content":{"rendered":"\t\t<div data-elementor-type=\"wp-page\" data-elementor-id=\"3491\" class=\"elementor elementor-3491 elementor-3\" data-elementor-post-type=\"page\">\n\t\t\t\t\t\t<section class=\"elementor-section elementor-top-section elementor-element elementor-element-3de5e8e7 elementor-section-boxed elementor-section-height-default elementor-section-height-default\" data-id=\"3de5e8e7\" data-element_type=\"section\" data-e-type=\"section\" data-settings=\"{&quot;jet_parallax_layout_list&quot;:[]}\">\n\t\t\t\t\t\t<div class=\"elementor-container elementor-column-gap-default\">\n\t\t\t\t\t<div class=\"elementor-column elementor-col-100 elementor-top-column elementor-element elementor-element-2283c12d\" data-id=\"2283c12d\" data-element_type=\"column\" data-e-type=\"column\">\n\t\t\t<div class=\"elementor-widget-wrap elementor-element-populated\">\n\t\t\t\t\t\t<div class=\"elementor-element elementor-element-19555115 elementor-widget elementor-widget-text-editor\" data-id=\"19555115\" data-element_type=\"widget\" data-e-type=\"widget\" data-widget_type=\"text-editor.default\">\n\t\t\t\t<div class=\"elementor-widget-container\">\n\t\t\t\t\t\t\t\t\t\n<p>Derni\u00e8re mise \u00e0 jour : le 12 octobre 2022<\/p>\n\n<p>Cette politique de confidentialit\u00e9 d\u00e9crit nos politiques et proc\u00e9dures sur la collecte, l\u2019utilisation et la divulgation de vos informations lorsque vous utilisez le Service et vous informe de vos droits \u00e0 la confidentialit\u00e9 et de la mani\u00e8re dont la loi vous prot\u00e8ge.<\/p>\n\n<p>Nous utilisons vos donn\u00e9es personnelles pour fournir et am\u00e9liorer le Service. En utilisant le Service, vous acceptez la collecte et l\u2019utilisation de l\u2019information conform\u00e9ment \u00e0 la pr\u00e9sente politique de confidentialit\u00e9. La pr\u00e9sente politique a \u00e9t\u00e9 cr\u00e9\u00e9e \u00e0 l\u2019aide d\u2019un g\u00e9n\u00e9rateur de <a href=\"https:\/\/www.privacypolicies.com\/privacy-policy-generator\/\">politiques de confidentialit\u00e9<\/a>.  <\/p>\n\n<h2>Interpr\u00e9tation et d\u00e9finitions<\/h2>\n\n<h3>Interpr\u00e9tation<\/h3>\n\n<p>Les mots dont la lettre initiale est en majuscule ont des significations d\u00e9finies dans les conditions suivantes. Les d\u00e9finitions suivantes auront la m\u00eame signification, qu\u2019elles apparaissent au singulier ou au pluriel. <\/p>\n\n<h3>D\u00e9finitions<\/h3>\n\n<p>Aux fins de cette politique de confidentialit\u00e9 :<\/p>\n\n<p><strong>Compte<\/strong> signifie un compte unique cr\u00e9\u00e9 pour que vous puissiez acc\u00e9der \u00e0 notre Service ou \u00e0 des parties de notre Service.<\/p>\n\n<p><strong>Organisme<\/strong> (appel\u00e9 \u00ab L\u2019Organisme \u00bb, \u00ab nous \u00bb, ou \u00ab notre \u00bb dans la pr\u00e9sente entente) d\u00e9signe The Friends of the Mer Bleue Inc. (Les Amis de la Mer Bleue), 1314, ave Gaultois, Orl\u00e9ans, ON, K1C 3G6.<\/p>\n\n<p><strong>Cookies<\/strong> d\u00e9signent de petits fichiers plac\u00e9s sur votre ordinateur, appareil mobile ou tout autre appareil par un site Web, contenant les d\u00e9tails de votre historique de navigation sur ce site Web parmi ses nombreuses utilisations.<\/p>\n\n<p><strong>Pays<\/strong> d\u00e9signe : Ontario, Canada<\/p>\n\n<p><strong>Appareil<\/strong> d\u00e9signe tout appareil pouvant acc\u00e9der au Service, tel qu\u2019un ordinateur, un t\u00e9l\u00e9phone intelligent ou une tablette num\u00e9rique.<\/p>\n\n<p><strong>Donn\u00e9es personnelles<\/strong> d\u00e9signent toutes les informations relatives \u00e0 une personne identifi\u00e9e ou identifiable.<\/p>\n\n<p><strong>Service<\/strong> fait r\u00e9f\u00e9rence au site Web.<\/p>\n\n<p><strong>Fournisseur de services<\/strong> d\u00e9signe toute personne physique ou morale qui traite les donn\u00e9es pour le compte de l\u2019Organisme. Il se r\u00e9f\u00e8re \u00e0 des organismes tierces ou \u00e0 des personnes employ\u00e9es par l\u2019Organisme pour faciliter le Service, pour fournir le Service au nom de l\u2019Organisme, pour ex\u00e9cuter des services li\u00e9s au Service ou pour aider l\u2019Organisme \u00e0 analyser la fa\u00e7on dont le Service est utilis\u00e9. <\/p>\n\n<p><strong>Donn\u00e9es d\u2019utilisation<\/strong> font r\u00e9f\u00e9rence aux donn\u00e9es collect\u00e9es automatiquement, soit g\u00e9n\u00e9r\u00e9es par l\u2019utilisation du Service, soit \u00e0 partir de l\u2019infrastructure du Service elle-m\u00eame (par exemple, la dur\u00e9e de visite d\u2019une page).<\/p>\n\n<p><strong>Site Web<\/strong> fait r\u00e9f\u00e9rence \u00e0 Les Amis de la Mer Bleue, accessible depuis <a href=\"https:\/\/www.fomb.ca\/fr\/\">https:\/\/www.fomb.ca<\/a><\/p>\n\n<p><strong>Vous<\/strong> d\u00e9signe la personne qui acc\u00e8de au Service ou l&rsquo;utilise, l\u2019Organisme, ou toute autre entit\u00e9 juridique au nom de laquelle cette personne acc\u00e8de ou utilise le Service, selon le cas.<\/p>\n\n<h2>Collecte et utilisation de vos donn\u00e9es personnelles<\/h2>\n\n<h3>Types de donn\u00e9es collect\u00e9es<\/h3>\n\n<h4>Donn\u00e9es personnelles<\/h4>\n\n<p>Lors de l\u2019utilisation de notre Service, nous pouvons vous demander de nous fournir certaines informations personnellement identifiables qui peuvent \u00eatre utilis\u00e9es pour vous contacter ou vous identifier. Les informations personnellement identifiables peuvent inclure, mais sans s\u2019y limiter : <\/p>\n\n<p>Adresse courriel<\/p>\n\n<p>Pr\u00e9nom et nom<\/p>\n\n<p>Num\u00e9ro de t\u00e9l\u00e9phone<\/p>\n\n<p>Adresse, \u00c9tat\/province, code ZIP\/postal, ville<\/p>\n\n<p>Donn\u00e9es d\u2019utilisation<\/p>\n\n<h4>Usage Data<\/h4>\n\n<p>Les donn\u00e9es d\u2019utilisation sont collect\u00e9es automatiquement lors de l\u2019utilisation du Service.<\/p>\n\n<p>Les donn\u00e9es d\u2019utilisation peuvent comprendre des informations telles que l\u2019adresse de protocole Internet de votre appareil (par exemple, l\u2019adresse IP), le type de navigateur, la version du navigateur, les pages de notre Service que vous visitez, l\u2019heure et la date de votre visite, le temps pass\u00e9 sur ces pages, les identifiants uniques de l\u2019appareil et autres donn\u00e9es de diagnostic.<\/p>\n\n<p>Lorsque vous acc\u00e9dez au Service par ou via un appareil mobile, nous pouvons collecter certaines informations automatiquement, y compris, mais sans s\u2019y limiter, le type d\u2019appareil mobile que vous utilisez, l\u2019identifiant unique de votre appareil mobile, l\u2019adresse IP de votre appareil mobile, votre syst\u00e8me d\u2019exploitation mobile, le type de navigateur Internet mobile que vous utilisez, les identifiants uniques de l\u2019appareil et d\u2019autres donn\u00e9es de diagnostic.<\/p>\n\n<p>Nous pouvons \u00e9galement collecter des informations que votre navigateur envoie chaque fois que vous visitez notre Service ou lorsque vous acc\u00e9dez au Service par ou via un appareil mobile.<\/p>\n\n<h4>Technologies de suivi et cookies<\/h4>\n\n<p>Nous utilisons des cookies et des technologies de suivi similaires pour suivre l\u2019activit\u00e9 sur notre Service et pour stocker certaines informations. Les technologies de suivi utilis\u00e9es sont des balises, des \u00e9tiquettes et des scripts pour collecter et suivre des informations et pour am\u00e9liorer et analyser notre Service. Les technologies que nous utilisons peuvent inclure :  <\/p>\n\n<ul>\n<li><strong>Cookies ou cookies de navigateur.<\/strong> Un cookie est un petit fichier plac\u00e9 sur votre appareil. Vous pouvez demander \u00e0 votre navigateur de refuser tous les cookies ou de vous signaler l\u2019envoi d\u2019un cookie. Cependant, si vous n\u2019acceptez pas les cookies, vous ne pourrez peut-\u00eatre pas utiliser certaines parties de notre Service. \u00c0 moins que vous n\u2019ayez r\u00e9gl\u00e9 les param\u00e8tres de votre navigateur pour qu\u2019il refuse les cookies, notre Service peut utiliser des cookies.   <\/li>\n<li><strong>Balises Web.<\/strong> Certaines sections de notre Service et de nos courriels peuvent contenir de petits fichiers \u00e9lectroniques connus sous le nom de balises Web (\u00e9galement appel\u00e9s gifs clairs, pixels invisibles et gifs \u00e0 pixel unique) qui permettent \u00e0 l\u2019Organisme, par exemple, de compter les utilisateurs qui ont visit\u00e9 ces pages ou ouvert un courriel ou pour d\u2019autres statistiques du site Web connexes (par exemple, enregistrer la popularit\u00e9 d\u2019une certaine section et v\u00e9rifier l\u2019int\u00e9grit\u00e9 du syst\u00e8me et du serveur).<\/li>\n<\/ul>\n\n<p>Les cookies peuvent \u00eatre \u00ab persistants \u00bb ou \u00ab de session \u00bb. Les cookies persistants restent sur votre ordinateur personnel ou sur votre appareil mobile lorsque vous vous d\u00e9connectez, tandis que les cookies de session sont supprim\u00e9s d\u00e8s que vous fermez votre navigateur Web. Vous pouvez en apprendre davantage sur les cookies en lisant l\u2019article du site Web <a href=\"https:\/\/www.privacypolicies.com\/blog\/privacy-policy-template\/#Use_Of_Cookies_Log_Files_And_Tracking\">Privacy Policies<\/a>.  <\/p>\n\n<p>Nous utilisons \u00e0 la fois des cookies de session et des cookies persistants aux fins d\u00e9crites ci-dessous :<\/p>\n\n<p><strong>Cookies n\u00e9cessaires\/essentiels<\/strong><\/p>\n\n<p>Type : Cookies de session<\/p>\n\n<p>Administr\u00e9 par : Nous<\/p>\n\n<p>Objectif : Ces cookies sont essentiels pour vous fournir les services disponibles via le site Web et pour vous permettre d\u2019utiliser certaines de ses fonctionnalit\u00e9s. Ils aident \u00e0 authentifier les utilisateurs et \u00e0 emp\u00eacher l\u2019utilisation frauduleuse des comptes d\u2019utilisateur. Sans ces cookies, les services que vous avez demand\u00e9s ne peuvent pas \u00eatre fournis. Nous n\u2019utilisons ces cookies que pour vous fournir ces services.  <\/p>\n\n<p><strong>Politique relative aux cookies\/Avis d\u2019acceptation des cookies<\/strong><\/p>\n\n<p>Type : Cookies persistants<\/p>\n\n<p>Administr\u00e9s par : Nous<\/p>\n\n<p>Objectif : Ces cookies identifient si les utilisateurs ont accept\u00e9 l\u2019utilisation de cookies sur le site Web.<\/p>\n\n<p><strong>Cookies de fonctionnalit\u00e9<\/strong><\/p>\n\n<p>Type : Cookies persistants<\/p>\n\n<p>Administr\u00e9 par : Nous<\/p>\n\n<p>Objectif : Ces cookies nous permettent de m\u00e9moriser les choix que vous faites lorsque vous utilisez le site Web, tels que la m\u00e9morisation de vos informations de connexion ou de votre pr\u00e9f\u00e9rence de langue. Le but de ces cookies est de vous offrir une exp\u00e9rience plus personnelle et de vous \u00e9viter d\u2019avoir \u00e0 ressaisir vos pr\u00e9f\u00e9rences chaque fois que vous utilisez le site Web. <\/p>\n\n<p>Pour plus d\u2019informations sur les cookies que nous utilisons et vos choix concernant les cookies, veuillez consulter notre Politique de cookies ou la section Cookies de notre Politique de confidentialit\u00e9.<\/p>\n\n<h3>Utilisation de vos donn\u00e9es personnelles<\/h3>\n\n<p>L\u2019Organisme peut utiliser les donn\u00e9es personnelles aux fins suivantes :<\/p>\n\n<p><strong>Pour fournir ou maintenir notre Service<\/strong>, y compris pour surveiller l\u2019utilisation de notre Service.<\/p>\n\n<p><strong>Pour g\u00e9rer votre compte<\/strong> : pour g\u00e9rer votre inscription en tant qu\u2019utilisateur du Service. Les donn\u00e9es personnelles que vous fournissez peuvent vous donner acc\u00e8s \u00e0 diff\u00e9rentes fonctionnalit\u00e9s du Service qui sont \u00e0 votre disposition en tant qu\u2019utilisateur enregistr\u00e9. <\/p>\n\n<p><strong>Pour l\u2019ex\u00e9cution d\u2019un contrat<\/strong> : l\u2019\u00e9laboration, la conformit\u00e9 et la r\u00e9alisation du contrat d\u2019achat des produits articles ou Services que vous avez achet\u00e9s ou de tout autre contrat avec nous par le biais du Service.<\/p>\n\n<p><strong>Pour vous contacter<\/strong> : pour vous contacter par courriel, par appels t\u00e9l\u00e9phoniques, par SMS ou par toutes autres formes \u00e9quivalentes de communication \u00e9lectronique, telles que les notifications pouss\u00e9es (push) d\u2019une application mobile concernant les mises \u00e0 jour ou les communications informatives relatives aux fonctionnalit\u00e9s, produits ou services sous contrat, y compris les mises \u00e0 jour de s\u00e9curit\u00e9, lorsque cela est n\u00e9cessaire ou raisonnable pour leur mise en \u0153uvre.<\/p>\n\n<p><strong>Pour vous fournir des actualit\u00e9s<\/strong>, des offres sp\u00e9ciales et des informations g\u00e9n\u00e9rales sur d\u2019autres biens, services et \u00e9v\u00e9nements que nous proposons et qui sont similaires \u00e0 ceux que vous avez d\u00e9j\u00e0 achet\u00e9s ou demand\u00e9s, sauf si vous avez choisi de ne pas recevoir ces informations.<\/p>\n\n<p><strong>Pour g\u00e9rer vos demandes<\/strong> : pour g\u00e9rer vos demandes que vous nous adressez.<\/p>\n\n<p><strong>Pour les transferts d\u2019entreprise :<\/strong> nous pouvons utiliser vos informations pour \u00e9valuer ou mener une fusion, une cession, une restructuration, une r\u00e9organisation, une dissolution ou toute autre vente ou transfert de tout ou d\u2019une partie de nos actifs, que ce soit dans le cadre d\u2019une entreprise en activit\u00e9 ou dans le cadre d\u2019une faillite, d\u2019une liquidation, ou d\u2019une proc\u00e9dure similaire, dans laquelle les donn\u00e9es personnelles que nous d\u00e9tenons sur les utilisateurs de nos services font partie des actifs transf\u00e9r\u00e9s.<\/p>\n\n<p><strong>\u00c0 d\u2019autres fins<\/strong> : nous pouvons utiliser vos informations \u00e0 d\u2019autres fins, telles que l\u2019analyse de donn\u00e9es, l\u2019identification des tendances d\u2019utilisation, la d\u00e9termination de l\u2019efficacit\u00e9 de nos campagnes promotionnelles et pour \u00e9valuer et am\u00e9liorer notre Service, nos produits, nos services, notre marketing et votre exp\u00e9rience.<\/p>\n\n<p>Nous pouvons partager vos informations personnelles dans les situations suivantes :<\/p>\n\n<ul>\n<li><strong>Avec les fournisseurs de services<\/strong> : nous pouvons partager vos informations personnelles avec les fournisseurs de services pour surveiller et analyser l\u2019utilisation de notre Service, pour vous contacter.<\/li>\n<li><strong>Pour les transferts d\u2019entreprise<\/strong> : nous pouvons partager ou transf\u00e9rer vos informations personnelles dans le cadre de, ou pendant les n\u00e9gociations de, toute fusion, toute vente d\u2019actifs de l\u2019Organisme, tout financement ou toute acquisition de toute ou d\u2019une partie de notre Organisme \u00e0 une autre entreprise.<\/li>\n<li><strong>Avec les affili\u00e9s<\/strong> : nous pouvons partager vos informations avec nos affili\u00e9s, auquel cas nous exigerons de ces affili\u00e9s qu\u2019ils respectent cette politique de confidentialit\u00e9. Les affili\u00e9s comprennent notre soci\u00e9t\u00e9 m\u00e8re et toutes les autres filiales, partenaires ou autres organismes que nous contr\u00f4lons ou qui sont sous contr\u00f4le commun. <\/li>\n<li><strong>Avec des partenaires commerciaux<\/strong> : nous pouvons partager vos informations avec nos partenaires commerciaux pour vous procurer certains produits, services ou promotions.<\/li>\n<li><strong>Avec d\u2019autres utilisateurs<\/strong> : lorsque vous partagez vos informations ou interagissez d\u2019une autre mani\u00e8re dans les espaces publics avec d\u2019autres utilisateurs, ces informations peuvent \u00eatre consult\u00e9es par tous les utilisateurs et peuvent \u00eatre diffus\u00e9es publiquement \u00e0 l\u2019ext\u00e9rieur.<\/li>\n<li><strong>Avec votre consentement<\/strong> : nous pouvons divulguer vos informations personnelles \u00e0 toutes autres fins avec votre consentement.<\/li>\n<\/ul>\n\n<h3>Conservation de vos donn\u00e9es personnelles<\/h3>\n\n<p>L\u2019Organisme ne conservera vos donn\u00e9es personnelles que le temps n\u00e9cessaire aux fins \u00e9nonc\u00e9es dans la pr\u00e9sente politique de confidentialit\u00e9. Nous conserverons et utiliserons vos donn\u00e9es personnelles dans la mesure n\u00e9cessaire pour nous conformer \u00e0 nos obligations l\u00e9gales (par exemple, si nous sommes tenus de conserver vos donn\u00e9es pour nous conformer aux lois applicables), r\u00e9soudre des litiges et appliquer nos accords politiques et juridiques. <\/p>\n\n<p>L\u2019Organisme conservera \u00e9galement les donn\u00e9es d\u2019utilisation \u00e0 des fins d\u2019analyse interne. Les donn\u00e9es d\u2019utilisation sont g\u00e9n\u00e9ralement conserv\u00e9es pendant une p\u00e9riode plus courte, sauf lorsque ces donn\u00e9es sont utilis\u00e9es pour renforcer la s\u00e9curit\u00e9 ou am\u00e9liorer la fonctionnalit\u00e9 de notre Service, ou lorsque nous sommes l\u00e9galement tenus de conserver ces donn\u00e9es pendant des p\u00e9riodes plus longues. <\/p>\n\n<h3>Transfert de vos donn\u00e9es personnelles<\/h3>\n\n<p>Vos informations, y compris les donn\u00e9es personnelles, sont trait\u00e9es dans les bureaux d\u2019exploitation de l\u2019Organisme et dans tout autre lieu o\u00f9 se trouvent les parties impliqu\u00e9es dans le traitement. Cela signifie que ces informations peuvent \u00eatre transf\u00e9r\u00e9es et conserv\u00e9es sur des ordinateurs situ\u00e9s en dehors de votre \u00c9tat, province, pays ou autre territoire de comp\u00e9tence gouvernementale o\u00f9 les lois sur la protection des donn\u00e9es peuvent diff\u00e9rer de celles de votre territoire. <\/p>\n\n<p>Votre consentement \u00e0 cette politique de confidentialit\u00e9, suivi de votre soumission de ces informations repr\u00e9sentent votre accord \u00e0 ce transfert.<\/p>\n\n<p>L\u2019Organisme prendra toutes les mesures raisonnablement n\u00e9cessaires pour s\u2019assurer que vos donn\u00e9es sont trait\u00e9es en toute s\u00e9curit\u00e9 et conform\u00e9ment \u00e0 la pr\u00e9sente politique de confidentialit\u00e9 et qu\u2019aucun transfert de vos donn\u00e9es personnelles n\u2019a lieu vers une organisation ou un pays \u00e0 moins que des contr\u00f4les ad\u00e9quats ne soient en place, y compris la s\u00e9curit\u00e9 de vos donn\u00e9es et autres informations personnelles.<\/p>\n\n<h3>Suppression de vos donn\u00e9es personnelles<\/h3>\n\n<p>Vous avez le droit de supprimer ou de demander que nous vous aidions \u00e0 supprimer les donn\u00e9es personnelles que nous avons collect\u00e9es \u00e0 votre sujet.<\/p>\n\n<p>Notre Service peut vous donner la possibilit\u00e9 de supprimer certaines informations vous concernant \u00e0 partir du Service.<\/p>\n\n<p>Vous pouvez mettre \u00e0 jour, modifier ou supprimer vos informations \u00e0 tout moment en vous connectant \u00e0 votre compte, si vous en avez un, et en visitant la section des param\u00e8tres du compte qui vous permet de g\u00e9rer vos informations personnelles. Vous pouvez \u00e9galement nous contacter pour demander l\u2019acc\u00e8s la correction ou la suppression de toute information personnelle que vous nous avez fournie. <\/p>\n\n<p>Veuillez noter, cependant, que nous pouvons avoir besoin de conserver certaines informations lorsque nous avons une obligation l\u00e9gale ou une base l\u00e9gale de le faire.<\/p>\n\n<h3>Divulgation de vos donn\u00e9es personnelles<\/h3>\n\n<h4>Op\u00e9rations commerciales<\/h4>\n\n<p>Si l\u2019Organisme est impliqu\u00e9 dans une fusion, une acquisition ou une vente d\u2019actifs, vos donn\u00e9es personnelles peuvent \u00eatre transf\u00e9r\u00e9es. Nous vous informerons avant que vos donn\u00e9es personnelles ne soient transf\u00e9r\u00e9es et soient soumises \u00e0 une diff\u00e9rente politique de confidentialit\u00e9. <\/p>\n\n<h4>Application de la loi<\/h4>\n\n<p>Dans certaines circonstances, l\u2019Organisme peut \u00eatre tenu de divulguer vos donn\u00e9es personnelles si la loi l\u2019exige ou en r\u00e9ponse \u00e0 des demandes valables des autorit\u00e9s publiques (par exemple, un tribunal ou un organisme gouvernemental).<\/p>\n\n<h4>Autres exigences l\u00e9gales<\/h4>\n\n<p>L\u2019Organisme peut divulguer vos donn\u00e9es personnelles en croyant de bonne foi qu\u2019une telle action est n\u00e9cessaire pour :<\/p>\n\n<ul>\n<li>Se conformer \u00e0 une obligation l\u00e9gale.<\/li>\n<li>Prot\u00e9ger et d\u00e9fendre les droits ou la propri\u00e9t\u00e9 de l\u2019Organisme.<\/li>\n<li>Pr\u00e9venir ou enqu\u00eater sur d\u2019\u00e9ventuels actes r\u00e9pr\u00e9hensibles en rapport avec le Service.<\/li>\n<li>Prot\u00e9ger la s\u00e9curit\u00e9 personnelle des utilisateurs du Service ou du public.<\/li>\n<li>Se prot\u00e9ger contre toute responsabilit\u00e9 l\u00e9gale.<\/li>\n<\/ul>\n\n<h3>S\u00e9curit\u00e9 de vos donn\u00e9es personnelles<\/h3>\n\n<p>La s\u00e9curit\u00e9 de vos donn\u00e9es personnelles est importante pour nous, mais n\u2019oubliez pas qu\u2019aucune m\u00e9thode de transmission sur Internet ou m\u00e9thode de stockage \u00e9lectronique n\u2019est s\u00e9curis\u00e9e \u00e0 100 %. Bien que nous nous efforcions d\u2019utiliser des moyens commercialement acceptables pour prot\u00e9ger vos donn\u00e9es personnelles, nous ne pouvons garantir leur s\u00e9curit\u00e9 absolue. <\/p>\n\n<h2>Confidentialit\u00e9 des enfants<\/h2>\n\n<p>Notre Service n\u2019est pas destin\u00e9 aux enfants de moins de 13 ans. Nous ne collectons pas sciemment d\u2019informations personnelles identifiables aupr\u00e8s d\u2019enfants de moins de 13 ans. Si vous \u00eates un parent ou un tuteur et que vous apprenez que votre enfant nous a fourni des donn\u00e9es personnelles, veuillez nous contacter. Si nous apprenons que nous avons collect\u00e9 des donn\u00e9es personnelles d\u2019un enfant de moins de 13 ans sans v\u00e9rification du consentement parental, nous prendrons les mesures n\u00e9cessaires pour supprimer ces informations de nos serveurs.   <\/p>\n\n<p>Si nous devons nous fonder sur le consentement comme base l\u00e9gale pour le traitement de vos informations et que votre pays requiert le consentement d\u2019un parent, nous pouvons exiger le consentement de votre parent avant de collecter et utiliser ces informations.<\/p>\n\n<h2>Liens vers d\u2019autres sites Web<\/h2>\n\n<p>Notre Service peut contenir des liens vers d\u2019autres sites Web qui ne seront pas exploit\u00e9s par nous. Si vous cliquez sur un lien tiers, vous serez dirig\u00e9 vers le site Web de ce tiers. Nous vous conseillons vivement de consulter la politique de confidentialit\u00e9 de chaque site que vous visitez.  <\/p>\n\n<p>Nous n\u2019avons aucun contr\u00f4le et n\u2019assumons aucune responsabilit\u00e9 quant au contenu, aux politiques de confidentialit\u00e9 ou aux pratiques des sites ou services tiers.<\/p>\n\n<h2>Modifications apport\u00e9es \u00e0 cette politique de confidentialit\u00e9<\/h2>\n\n<p>Nous pouvons mettre \u00e0 jour notre politique de confidentialit\u00e9 de temps \u00e0 autre. Nous vous informerons de tout changement en publiant la nouvelle politique de confidentialit\u00e9 sur cette page. <\/p>\n\n<p>Nous vous informerons par courriel et\/ou par avis visible sur notre Service avant que le changement n\u2019entre en vigueur et mettrons \u00e0 jour la date de \u00ab derni\u00e8re mise \u00e0 jour \u00bb en haut de cette politique de confidentialit\u00e9.<\/p>\n\n<p>Nous vous conseillons de consulter p\u00e9riodiquement cette politique de confidentialit\u00e9 pour tout changement. Les modifications apport\u00e9es \u00e0 cette politique de confidentialit\u00e9 entrent en vigueur lorsqu\u2019elles sont publi\u00e9es sur cette page. <\/p>\n\n<h2>Nous joindre<\/h2>\n\n<p>Si vous avez des questions concernant cette politique de confidentialit\u00e9, vous pouvez nous contacter :<\/p>\n\n<ul>\n<li>En visitant la page suivante de notre site Web : <a href=\"https:\/\/www.fomb.ca\/fr\/nous-joindre\/\">https:\/\/www.fomb.ca\/fr\/nous-joindre\/<\/a><\/li>\n<\/ul>\n\t\t\t\t\t\t\t\t<\/div>\n\t\t\t\t<\/div>\n\t\t\t\t\t<\/div>\n\t\t<\/div>\n\t\t\t\t\t<\/div>\n\t\t<\/section>\n\t\t\t\t<\/div>\n\t\t","protected":false},"excerpt":{"rendered":"<p>Derni\u00e8re mise \u00e0 jour : le 12 octobre 2022 Cette politique de confidentialit\u00e9 d\u00e9crit nos politiques et proc\u00e9dures sur la collecte, l\u2019utilisation et la divulgation de vos informations lorsque vous utilisez le Service et vous informe de vos droits \u00e0 la confidentialit\u00e9 et de la mani\u00e8re dont la loi vous prot\u00e8ge. Nous utilisons vos donn\u00e9es &#8230; <a title=\"Politique de confidentialit\u00e9\" class=\"read-more\" href=\"https:\/\/www.fomb.ca\/fr\/politique-de-confidentialite\/\" aria-label=\"En savoir plus sur Politique de confidentialit\u00e9\">Lire plus<\/a><\/p>\n","protected":false},"author":2,"featured_media":0,"parent":0,"menu_order":0,"comment_status":"closed","ping_status":"open","template":"","meta":{"footnotes":""},"class_list":["post-3491","page","type-page","status-publish"],"_links":{"self":[{"href":"https:\/\/www.fomb.ca\/fr\/wp-json\/wp\/v2\/pages\/3491","targetHints":{"allow":["GET"]}}],"collection":[{"href":"https:\/\/www.fomb.ca\/fr\/wp-json\/wp\/v2\/pages"}],"about":[{"href":"https:\/\/www.fomb.ca\/fr\/wp-json\/wp\/v2\/types\/page"}],"author":[{"embeddable":true,"href":"https:\/\/www.fomb.ca\/fr\/wp-json\/wp\/v2\/users\/2"}],"replies":[{"embeddable":true,"href":"https:\/\/www.fomb.ca\/fr\/wp-json\/wp\/v2\/comments?post=3491"}],"version-history":[{"count":1,"href":"https:\/\/www.fomb.ca\/fr\/wp-json\/wp\/v2\/pages\/3491\/revisions"}],"predecessor-version":[{"id":3492,"href":"https:\/\/www.fomb.ca\/fr\/wp-json\/wp\/v2\/pages\/3491\/revisions\/3492"}],"wp:attachment":[{"href":"https:\/\/www.fomb.ca\/fr\/wp-json\/wp\/v2\/media?parent=3491"}],"curies":[{"name":"wp","href":"https:\/\/api.w.org\/{rel}","templated":true}]}}