{"id":838,"date":"2022-08-23T14:46:50","date_gmt":"2022-08-23T18:46:50","guid":{"rendered":"http:\/\/35.182.21.30\/waste-connections\/"},"modified":"2022-10-28T13:07:22","modified_gmt":"2022-10-28T17:07:22","slug":"waste-connections","status":"publish","type":"page","link":"https:\/\/www.fomb.ca\/fr\/waste-connections\/","title":{"rendered":"Waste Connections"},"content":{"rendered":"\t\t<div data-elementor-type=\"wp-page\" data-elementor-id=\"838\" class=\"elementor elementor-838 elementor-33\" data-elementor-post-type=\"page\">\n\t\t\t\t\t\t<section class=\"elementor-section elementor-top-section elementor-element elementor-element-17049ef elementor-section-boxed elementor-section-height-default elementor-section-height-default\" data-id=\"17049ef\" data-element_type=\"section\" data-e-type=\"section\" data-settings=\"{&quot;jet_parallax_layout_list&quot;:[]}\">\n\t\t\t\t\t\t<div class=\"elementor-container elementor-column-gap-default\">\n\t\t\t\t\t<div class=\"elementor-column elementor-col-100 elementor-top-column elementor-element elementor-element-dc7af5c\" data-id=\"dc7af5c\" data-element_type=\"column\" data-e-type=\"column\">\n\t\t\t<div class=\"elementor-widget-wrap elementor-element-populated\">\n\t\t\t\t\t\t<div class=\"elementor-element elementor-element-cfeaa58 elementor-widget elementor-widget-image\" data-id=\"cfeaa58\" data-element_type=\"widget\" data-e-type=\"widget\" data-widget_type=\"image.default\">\n\t\t\t\t<div class=\"elementor-widget-container\">\n\t\t\t\t\t\t\t\t\t\t\t\t\t\t\t<img decoding=\"async\" width=\"89\" height=\"90\" src=\"https:\/\/www.fomb.ca\/wp-content\/uploads\/2022\/08\/logo-WCN_.png\" class=\"attachment-large size-large wp-image-563\" alt=\"Logo Waste Connections\" \/>\t\t\t\t\t\t\t\t\t\t\t\t\t\t\t<\/div>\n\t\t\t\t<\/div>\n\t\t\t\t<div class=\"elementor-element elementor-element-363c4ee elementor-widget elementor-widget-text-editor\" data-id=\"363c4ee\" data-element_type=\"widget\" data-e-type=\"widget\" data-widget_type=\"text-editor.default\">\n\t\t\t\t<div class=\"elementor-widget-container\">\n\t\t\t\t\t\t\t\t\t<p><strong><a href=\"https:\/\/www.wasteconnectionscanada.com\/\" target=\"_blank\" rel=\"noopener\">Waste Connections<\/a><\/strong> exploite le site d\u2019enfouissement du chemin Navan. Ce site ne re\u00e7oit que des \u00ab d\u00e9chets secs \u00bb, soit des d\u00e9chets industriels, commerciaux et institutionnels (IC&amp;I) et des d\u00e9chets de construction et de d\u00e9molition (C&amp;D). Waste Connections est la troisi\u00e8me compagnie de gestion des d\u00e9chets non dangereux en importance en Am\u00e9rique du Nord.<\/p>\n<p>Le site de Navan, qui n\u2019\u00e9tait qu\u2019une petite entreprise locale en 1960, est maintenant un site d\u2019enfouissement hautement \u00e9labor\u00e9 qui dessert des clients de tout l\u2019Est ontarien. Le site, qui couvre 195 hectares, est bien am\u00e9nag\u00e9 sur le plan paysager. Il est dot\u00e9 d\u2019un syst\u00e8me de lutte contre les odeurs, d\u2019\u00e9quipements de lavage des roues des camions (afin d\u2019att\u00e9nuer la poussi\u00e8re et la boue), d\u2019aires de livraison de mat\u00e9riaux \u00e0 recycler, ainsi que deux \u00e9tangs de collecte des eaux pluviales qui respectent l\u2019environnement et qui attirent souvent des bernaches et des cerfs.<\/p>\n<p>En partenariat avec les Amis de la Mer bleue (ADMB), Waste Connections est heureuse de travailler avec la communaut\u00e9 locale et de l\u2019aider \u00e0 financer des am\u00e9liorations locales avec l\u2019aide du Fonds communautaire.<\/p>\n<p>ADMB fournit \u00e9galement un formulaire de plainte si les r\u00e9sidents ont des probl\u00e8mes avec le fonctionnement quotidien de la d\u00e9charge.<\/p>\n\t\t\t\t\t\t\t\t<\/div>\n\t\t\t\t<\/div>\n\t\t\t\t<div class=\"elementor-element elementor-element-384ed21 elementor-align-center elementor-widget elementor-widget-button\" data-id=\"384ed21\" data-element_type=\"widget\" data-e-type=\"widget\" data-widget_type=\"button.default\">\n\t\t\t\t<div class=\"elementor-widget-container\">\n\t\t\t\t\t\t\t\t\t<div class=\"elementor-button-wrapper\">\n\t\t\t\t\t<a class=\"elementor-button elementor-button-link elementor-size-lg elementor-animation-grow\" href=\"https:\/\/www.fomb.ca\/fr\/waste-connections\/deposer-une-plainte\/\" title=\"File a complaint - D\u00e9poser une plainte\">\n\t\t\t\t\t\t<span class=\"elementor-button-content-wrapper\">\n\t\t\t\t\t\t\t\t\t<span class=\"elementor-button-text\">D\u00e9poser une plainte<\/span>\n\t\t\t\t\t<\/span>\n\t\t\t\t\t<\/a>\n\t\t\t\t<\/div>\n\t\t\t\t\t\t\t\t<\/div>\n\t\t\t\t<\/div>\n\t\t\t\t\t<\/div>\n\t\t<\/div>\n\t\t\t\t\t<\/div>\n\t\t<\/section>\n\t\t\t\t<\/div>\n\t\t","protected":false},"excerpt":{"rendered":"<p>Waste Connections exploite le site d\u2019enfouissement du chemin Navan. Ce site ne re\u00e7oit que des \u00ab d\u00e9chets secs \u00bb, soit des d\u00e9chets industriels, commerciaux et institutionnels (IC&amp;I) et des d\u00e9chets de construction et de d\u00e9molition (C&amp;D). Waste Connections est la troisi\u00e8me compagnie de gestion des d\u00e9chets non dangereux en importance en Am\u00e9rique du Nord. Le &#8230; <a title=\"Waste Connections\" class=\"read-more\" href=\"https:\/\/www.fomb.ca\/fr\/waste-connections\/\" aria-label=\"En savoir plus sur Waste Connections\">Lire plus<\/a><\/p>\n","protected":false},"author":2,"featured_media":0,"parent":0,"menu_order":0,"comment_status":"closed","ping_status":"closed","template":"","meta":{"footnotes":""},"class_list":["post-838","page","type-page","status-publish"],"_links":{"self":[{"href":"https:\/\/www.fomb.ca\/fr\/wp-json\/wp\/v2\/pages\/838","targetHints":{"allow":["GET"]}}],"collection":[{"href":"https:\/\/www.fomb.ca\/fr\/wp-json\/wp\/v2\/pages"}],"about":[{"href":"https:\/\/www.fomb.ca\/fr\/wp-json\/wp\/v2\/types\/page"}],"author":[{"embeddable":true,"href":"https:\/\/www.fomb.ca\/fr\/wp-json\/wp\/v2\/users\/2"}],"replies":[{"embeddable":true,"href":"https:\/\/www.fomb.ca\/fr\/wp-json\/wp\/v2\/comments?post=838"}],"version-history":[{"count":14,"href":"https:\/\/www.fomb.ca\/fr\/wp-json\/wp\/v2\/pages\/838\/revisions"}],"predecessor-version":[{"id":3293,"href":"https:\/\/www.fomb.ca\/fr\/wp-json\/wp\/v2\/pages\/838\/revisions\/3293"}],"wp:attachment":[{"href":"https:\/\/www.fomb.ca\/fr\/wp-json\/wp\/v2\/media?parent=838"}],"curies":[{"name":"wp","href":"https:\/\/api.w.org\/{rel}","templated":true}]}}