{"id":840,"date":"2022-08-23T14:47:53","date_gmt":"2022-08-23T18:47:53","guid":{"rendered":"http:\/\/35.182.21.30\/fonds-communautaire\/"},"modified":"2022-10-28T13:02:07","modified_gmt":"2022-10-28T17:02:07","slug":"fonds-communautaire","status":"publish","type":"page","link":"https:\/\/www.fomb.ca\/fr\/fonds-communautaire\/","title":{"rendered":"Fonds communautaire"},"content":{"rendered":"\t\t<div data-elementor-type=\"wp-page\" data-elementor-id=\"840\" class=\"elementor elementor-840 elementor-37\" data-elementor-post-type=\"page\">\n\t\t\t\t\t\t<section class=\"elementor-section elementor-top-section elementor-element elementor-element-10d6f06 elementor-section-boxed elementor-section-height-default elementor-section-height-default\" data-id=\"10d6f06\" data-element_type=\"section\" data-e-type=\"section\" data-settings=\"{&quot;jet_parallax_layout_list&quot;:[]}\">\n\t\t\t\t\t\t\t<div class=\"elementor-background-overlay\"><\/div>\n\t\t\t\t\t\t\t<div class=\"elementor-container elementor-column-gap-default\">\n\t\t\t\t\t<div class=\"elementor-column elementor-col-100 elementor-top-column elementor-element elementor-element-77b2930\" data-id=\"77b2930\" data-element_type=\"column\" data-e-type=\"column\">\n\t\t\t<div class=\"elementor-widget-wrap elementor-element-populated\">\n\t\t\t\t\t\t<div class=\"elementor-element elementor-element-a0d2f90 elementor-widget elementor-widget-image\" data-id=\"a0d2f90\" data-element_type=\"widget\" data-e-type=\"widget\" data-widget_type=\"image.default\">\n\t\t\t\t<div class=\"elementor-widget-container\">\n\t\t\t\t\t\t\t\t\t\t\t\t\t\t\t<img decoding=\"async\" src=\"https:\/\/www.fomb.ca\/wp-content\/uploads\/2022\/10\/Community-fund.png\" title=\"Community fund\" alt=\"Community fund\" loading=\"lazy\" \/>\t\t\t\t\t\t\t\t\t\t\t\t\t\t\t<\/div>\n\t\t\t\t<\/div>\n\t\t\t\t<div class=\"elementor-element elementor-element-72a4d31 elementor-widget elementor-widget-heading\" data-id=\"72a4d31\" data-element_type=\"widget\" data-e-type=\"widget\" data-widget_type=\"heading.default\">\n\t\t\t\t<div class=\"elementor-widget-container\">\n\t\t\t\t\t<h2 class=\"elementor-heading-title elementor-size-default\">Contexte<\/h2>\t\t\t\t<\/div>\n\t\t\t\t<\/div>\n\t\t\t\t<div class=\"elementor-element elementor-element-57e90ff elementor-widget elementor-widget-heading\" data-id=\"57e90ff\" data-element_type=\"widget\" data-e-type=\"widget\" data-widget_type=\"heading.default\">\n\t\t\t\t<div class=\"elementor-widget-container\">\n\t\t\t\t\t<h3 class=\"elementor-heading-title elementor-size-default\">Pr\u00e9ambule:<\/h3>\t\t\t\t<\/div>\n\t\t\t\t<\/div>\n\t\t\t\t<div class=\"elementor-element elementor-element-f862623 elementor-widget elementor-widget-text-editor\" data-id=\"f862623\" data-element_type=\"widget\" data-e-type=\"widget\" data-widget_type=\"text-editor.default\">\n\t\t\t\t<div class=\"elementor-widget-container\">\n\t\t\t\t\t\t\t\t\t<p>Le <strong>Waste Connections \/ Friends of Mer Bleue Community Fund<\/strong> (ci-apr\u00e8s appel\u00e9 le \u00ab <strong>Fonds<\/strong> \u00bb) a \u00e9t\u00e9 cr\u00e9\u00e9 pour renforcer le travail accompli par Waste Services Inc. (maintenant <b><a href=\"https:\/\/www.wasteconnectionscanada.com\/\" target=\"_blank\" rel=\"noopener noreferrer\">Waste Connections<\/a><\/b>) et les Amis de la Mer Bleue au cours des derni\u00e8res ann\u00e9es. Le <strong>Fonds<\/strong> offre un soutien financier aux projets communautaires qui am\u00e9liorent la communaut\u00e9 et ses aires publiques.<\/p>\n<p>L\u2019id\u00e9e d\u2019\u00e9tablir un <strong>Fonds<\/strong> a \u00e9t\u00e9 mise de l\u2019avant au moment des n\u00e9gociations entre les Amis de la Mer Bleue et Waste Services Inc. (WSI) \u00e0 l\u2019\u00e9poque o\u00f9 WSI tentait d\u2019obtenir l\u2019autorisation d\u2019agrandir son site. L\u2019existence du <strong>Fonds<\/strong> a \u00e9t\u00e9 reconnue dans l\u2019entente du 20 avril 2007 entre les Amis de la Mer bleue et WSI. Celui-ci a \u00e9t\u00e9 d\u00e9fini davantage dans les modalit\u00e9s de fonctionnement du Comit\u00e9 consultatif public dat\u00e9es du 27 novembre 2007. WSI a accept\u00e9 de verser \u00e0 ce <strong>Fonds<\/strong> la somme de 44 cents par tonne de mat\u00e9riaux d\u00e9charg\u00e9e au site du chemin Navan. Les Amis de la Mer Bleue administrent le <strong>Fonds<\/strong>.<\/p>\n\t\t\t\t\t\t\t\t<\/div>\n\t\t\t\t<\/div>\n\t\t\t\t<div class=\"elementor-element elementor-element-39b36a8 elementor-widget elementor-widget-heading\" data-id=\"39b36a8\" data-element_type=\"widget\" data-e-type=\"widget\" data-widget_type=\"heading.default\">\n\t\t\t\t<div class=\"elementor-widget-container\">\n\t\t\t\t\t<h3 class=\"elementor-heading-title elementor-size-default\">Aper\u00e7u du processus:<\/h3>\t\t\t\t<\/div>\n\t\t\t\t<\/div>\n\t\t\t\t<div class=\"elementor-element elementor-element-9551737 elementor-widget elementor-widget-text-editor\" data-id=\"9551737\" data-element_type=\"widget\" data-e-type=\"widget\" data-widget_type=\"text-editor.default\">\n\t\t\t\t<div class=\"elementor-widget-container\">\n\t\t\t\t\t\t\t\t\t<p>Le groupe les Amis de la Mer Bleue, un organisme sans but lucratif, est charg\u00e9 de recevoir et d\u2019examiner les demandes. Seules les demandes provenant d\u2019organisations communautaires reconnues et touchant des projets situ\u00e9s \u00e0 l\u2019int\u00e9rieur de l\u2019aire g\u00e9ographique communautaire d\u00e9sign\u00e9e sont accept\u00e9es aux fins d\u2019examen.<\/p>\n\t\t\t\t\t\t\t\t<\/div>\n\t\t\t\t<\/div>\n\t\t\t\t\t<\/div>\n\t\t<\/div>\n\t\t\t\t\t<\/div>\n\t\t<\/section>\n\t\t\t\t<section class=\"elementor-section elementor-top-section elementor-element elementor-element-77b5b68 elementor-section-boxed elementor-section-height-default elementor-section-height-default\" data-id=\"77b5b68\" data-element_type=\"section\" data-e-type=\"section\" data-settings=\"{&quot;jet_parallax_layout_list&quot;:[]}\">\n\t\t\t\t\t\t<div class=\"elementor-container elementor-column-gap-default\">\n\t\t\t\t\t<div class=\"elementor-column elementor-col-100 elementor-top-column elementor-element elementor-element-b7d9f9b\" data-id=\"b7d9f9b\" data-element_type=\"column\" data-e-type=\"column\">\n\t\t\t<div class=\"elementor-widget-wrap elementor-element-populated\">\n\t\t\t\t\t\t<div class=\"elementor-element elementor-element-edaa234 elementor-widget elementor-widget-heading\" data-id=\"edaa234\" data-element_type=\"widget\" data-e-type=\"widget\" data-widget_type=\"heading.default\">\n\t\t\t\t<div class=\"elementor-widget-container\">\n\t\t\t\t\t<h3 class=\"elementor-heading-title elementor-size-default\">Crit\u00e8res de s\u00e9lection en vue d\u2019un financement:<\/h3>\t\t\t\t<\/div>\n\t\t\t\t<\/div>\n\t\t\t\t<div class=\"elementor-element elementor-element-40384e7 elementor-widget elementor-widget-heading\" data-id=\"40384e7\" data-element_type=\"widget\" data-e-type=\"widget\" data-widget_type=\"heading.default\">\n\t\t\t\t<div class=\"elementor-widget-container\">\n\t\t\t\t\t<p class=\"elementor-heading-title elementor-size-default\">Le groupe d\u2019examen des Amis de la Mer Bleue \u00e9tudie toutes les demandes de financement d\u00fbment remplies et pr\u00e9sent\u00e9es au cours d\u2019une des deux p\u00e9riodes pr\u00e9-d\u00e9termin\u00e9es du calendrier civil.<\/p>\t\t\t\t<\/div>\n\t\t\t\t<\/div>\n\t\t\t\t<div class=\"elementor-element elementor-element-5b16681 elementor-icon-list--layout-traditional elementor-list-item-link-full_width elementor-widget elementor-widget-icon-list\" data-id=\"5b16681\" data-element_type=\"widget\" data-e-type=\"widget\" data-widget_type=\"icon-list.default\">\n\t\t\t\t<div class=\"elementor-widget-container\">\n\t\t\t\t\t\t\t<ul class=\"elementor-icon-list-items\">\n\t\t\t\t\t\t\t<li class=\"elementor-icon-list-item\">\n\t\t\t\t\t\t\t\t\t\t\t<span class=\"elementor-icon-list-icon\">\n\t\t\t\t\t\t\t<i aria-hidden=\"true\" class=\"fas fa-circle\"><\/i>\t\t\t\t\t\t<\/span>\n\t\t\t\t\t\t\t\t\t\t<span class=\"elementor-icon-list-text\">Les demandes peuvent \u00eatre dactylographi\u00e9es ou remplies au moyen d\u2019un ordinateur.<\/span>\n\t\t\t\t\t\t\t\t\t<\/li>\n\t\t\t\t\t\t<\/ul>\n\t\t\t\t\t\t<\/div>\n\t\t\t\t<\/div>\n\t\t\t\t<div class=\"elementor-element elementor-element-4630db9 elementor-widget elementor-widget-text-editor\" data-id=\"4630db9\" data-element_type=\"widget\" data-e-type=\"widget\" data-widget_type=\"text-editor.default\">\n\t\t\t\t<div class=\"elementor-widget-container\">\n\t\t\t\t\t\t\t\t\t<p><span style=\"font-size: inherit;\">*Le formulaire de demande peut \u00eatre reproduit au moyen d\u2019un logiciel de traitement de texte.<\/span><\/p>\n\t\t\t\t\t\t\t\t<\/div>\n\t\t\t\t<\/div>\n\t\t\t\t<div class=\"elementor-element elementor-element-a28152b elementor-widget elementor-widget-heading\" data-id=\"a28152b\" data-element_type=\"widget\" data-e-type=\"widget\" data-widget_type=\"heading.default\">\n\t\t\t\t<div class=\"elementor-widget-container\">\n\t\t\t\t\t<h3 class=\"elementor-heading-title elementor-size-default\">Allocation du financement:<\/h3>\t\t\t\t<\/div>\n\t\t\t\t<\/div>\n\t\t\t\t<div class=\"elementor-element elementor-element-7baa364 elementor-icon-list--layout-traditional elementor-list-item-link-full_width elementor-widget elementor-widget-icon-list\" data-id=\"7baa364\" data-element_type=\"widget\" data-e-type=\"widget\" data-widget_type=\"icon-list.default\">\n\t\t\t\t<div class=\"elementor-widget-container\">\n\t\t\t\t\t\t\t<ul class=\"elementor-icon-list-items\">\n\t\t\t\t\t\t\t<li class=\"elementor-icon-list-item\">\n\t\t\t\t\t\t\t\t\t\t\t<span class=\"elementor-icon-list-icon\">\n\t\t\t\t\t\t\t<i aria-hidden=\"true\" class=\"fas fa-circle\"><\/i>\t\t\t\t\t\t<\/span>\n\t\t\t\t\t\t\t\t\t\t<span class=\"elementor-icon-list-text\">Le groupe d\u2019examen peut soit allouer la totalit\u00e9 du montant demand\u00e9, soit allouer une partie du montant demand\u00e9 ou rejeter la demande.<\/span>\n\t\t\t\t\t\t\t\t\t<\/li>\n\t\t\t\t\t\t\t\t<li class=\"elementor-icon-list-item\">\n\t\t\t\t\t\t\t\t\t\t\t<span class=\"elementor-icon-list-icon\">\n\t\t\t\t\t\t\t<i aria-hidden=\"true\" class=\"fas fa-circle\"><\/i>\t\t\t\t\t\t<\/span>\n\t\t\t\t\t\t\t\t\t\t<span class=\"elementor-icon-list-text\">Un m\u00eame organisme peut pr\u00e9senter plus d\u2019une demande, mais seulement une fois par p\u00e9riode pr\u00e9-d\u00e9termin\u00e9e.<\/span>\n\t\t\t\t\t\t\t\t\t<\/li>\n\t\t\t\t\t\t\t\t<li class=\"elementor-icon-list-item\">\n\t\t\t\t\t\t\t\t\t\t\t<span class=\"elementor-icon-list-icon\">\n\t\t\t\t\t\t\t<i aria-hidden=\"true\" class=\"fas fa-circle\"><\/i>\t\t\t\t\t\t<\/span>\n\t\t\t\t\t\t\t\t\t\t<span class=\"elementor-icon-list-text\">Toutes les d\u00e9cisions sont finales.<\/span>\n\t\t\t\t\t\t\t\t\t<\/li>\n\t\t\t\t\t\t<\/ul>\n\t\t\t\t\t\t<\/div>\n\t\t\t\t<\/div>\n\t\t\t\t<div class=\"elementor-element elementor-element-c38e388 elementor-widget elementor-widget-heading\" data-id=\"c38e388\" data-element_type=\"widget\" data-e-type=\"widget\" data-widget_type=\"heading.default\">\n\t\t\t\t<div class=\"elementor-widget-container\">\n\t\t\t\t\t<h3 class=\"elementor-heading-title elementor-size-default\">Divers<\/h3>\t\t\t\t<\/div>\n\t\t\t\t<\/div>\n\t\t\t\t<div class=\"elementor-element elementor-element-0f2969f elementor-widget elementor-widget-text-editor\" data-id=\"0f2969f\" data-element_type=\"widget\" data-e-type=\"widget\" data-widget_type=\"text-editor.default\">\n\t\t\t\t<div class=\"elementor-widget-container\">\n\t\t\t\t\t\t\t\t\t<p>Les b\u00e9n\u00e9ficiaires du financement auront l\u2019obligation d\u2019\u00e9riger une plaque ou toute autre affiche permanente sur les lieux du projet, ou pr\u00e8s de l\u00e0, afin de reconna\u00eetre la contribution collective de WSI et des Amis de la Mer Bleue au projet. Cette information doit \u00e9galement \u00eatre pr\u00e9sent\u00e9e dans tous les documents de promotion du projet.<\/p>\n\t\t\t\t\t\t\t\t<\/div>\n\t\t\t\t<\/div>\n\t\t\t\t<div class=\"elementor-element elementor-element-ab06dde elementor-align-center elementor-widget elementor-widget-button\" data-id=\"ab06dde\" data-element_type=\"widget\" data-e-type=\"widget\" data-widget_type=\"button.default\">\n\t\t\t\t<div class=\"elementor-widget-container\">\n\t\t\t\t\t\t\t\t\t<div class=\"elementor-button-wrapper\">\n\t\t\t\t\t<a class=\"elementor-button elementor-button-link elementor-size-lg elementor-animation-grow\" href=\"https:\/\/www.fomb.ca\/fr\/fonds-communautaire\/exigences\/\" title=\"View application requirements - Voir les exigences d&#039;application\">\n\t\t\t\t\t\t<span class=\"elementor-button-content-wrapper\">\n\t\t\t\t\t\t\t\t\t<span class=\"elementor-button-text\">Voir les exigences<\/span>\n\t\t\t\t\t<\/span>\n\t\t\t\t\t<\/a>\n\t\t\t\t<\/div>\n\t\t\t\t\t\t\t\t<\/div>\n\t\t\t\t<\/div>\n\t\t\t\t\t<\/div>\n\t\t<\/div>\n\t\t\t\t\t<\/div>\n\t\t<\/section>\n\t\t\t\t<\/div>\n\t\t","protected":false},"excerpt":{"rendered":"<p>Contexte Pr\u00e9ambule: Le Waste Connections \/ Friends of Mer Bleue Community Fund (ci-apr\u00e8s appel\u00e9 le \u00ab Fonds \u00bb) a \u00e9t\u00e9 cr\u00e9\u00e9 pour renforcer le travail accompli par Waste Services Inc. (maintenant Waste Connections) et les Amis de la Mer Bleue au cours des derni\u00e8res ann\u00e9es. Le Fonds offre un soutien financier aux projets communautaires qui &#8230; <a title=\"Fonds communautaire\" class=\"read-more\" href=\"https:\/\/www.fomb.ca\/fr\/fonds-communautaire\/\" aria-label=\"En savoir plus sur Fonds communautaire\">Lire plus<\/a><\/p>\n","protected":false},"author":2,"featured_media":0,"parent":0,"menu_order":0,"comment_status":"closed","ping_status":"closed","template":"","meta":{"footnotes":""},"class_list":["post-840","page","type-page","status-publish"],"_links":{"self":[{"href":"https:\/\/www.fomb.ca\/fr\/wp-json\/wp\/v2\/pages\/840","targetHints":{"allow":["GET"]}}],"collection":[{"href":"https:\/\/www.fomb.ca\/fr\/wp-json\/wp\/v2\/pages"}],"about":[{"href":"https:\/\/www.fomb.ca\/fr\/wp-json\/wp\/v2\/types\/page"}],"author":[{"embeddable":true,"href":"https:\/\/www.fomb.ca\/fr\/wp-json\/wp\/v2\/users\/2"}],"replies":[{"embeddable":true,"href":"https:\/\/www.fomb.ca\/fr\/wp-json\/wp\/v2\/comments?post=840"}],"version-history":[{"count":27,"href":"https:\/\/www.fomb.ca\/fr\/wp-json\/wp\/v2\/pages\/840\/revisions"}],"predecessor-version":[{"id":3258,"href":"https:\/\/www.fomb.ca\/fr\/wp-json\/wp\/v2\/pages\/840\/revisions\/3258"}],"wp:attachment":[{"href":"https:\/\/www.fomb.ca\/fr\/wp-json\/wp\/v2\/media?parent=840"}],"curies":[{"name":"wp","href":"https:\/\/api.w.org\/{rel}","templated":true}]}}